{"id":6110,"date":"2025-11-27T11:51:42","date_gmt":"2025-11-27T10:51:42","guid":{"rendered":"https:\/\/www.isac.cnr.it\/privacy-policy-e-cookie-policy\/"},"modified":"2025-12-09T12:37:51","modified_gmt":"2025-12-09T11:37:51","slug":"privacy-policy-e-cookie-policy","status":"publish","type":"page","link":"https:\/\/www.isac.cnr.it\/en\/privacy-policy-e-cookie-policy\/","title":{"rendered":"Privacy policy e Cookie Policy\u00a0"},"content":{"rendered":"\n<p><strong>Privacy Policy su trattamento e protezione dei dati personali ai sensi del Regolamento UE 2016\/679<\/strong><\/p>\n\n\n\n<p>Il Regolamento UE 2016\/679&nbsp;<em>\u201cRegolamento Generale sulla Protezione dei Dati Personali\u201d&nbsp;<\/em>(d\u2019ora in avanti \u201cRGDP\u201d), il D. lgs. n. 196\/2003&nbsp;<em>\u201cCodice in materia di protezione dei dati personali\u201d<\/em>&nbsp;e il relativo l\u2019Allegato A. 4 \u201c<em>Codice di deontologia e di buona condotta per i trattamenti di dati personali per scopi statistici e scientifici<\/em>\u201d&nbsp;<em>(Provvedimento&nbsp;del&nbsp;Garante&nbsp;n.&nbsp;2&nbsp;del&nbsp;16&nbsp;giugno&nbsp;2004,&nbsp;Gazzetta&nbsp;Ufficiale&nbsp;14&nbsp;agosto&nbsp;2004,&nbsp;n.&nbsp;190)<\/em>&nbsp;sanciscono il diritto di ogni persona alla protezione dei dati di carattere personale che La riguardano.<br>Ai sensi della normativa sopra indicata il trattamento dei Suoi dati personali, da parte dei ricercatori coinvolti nell\u2019attivit\u00e0 di ricerca, sar\u00e0 improntato al rispetto dei principi di cui all\u2019art. 5 del RGPD e, in particolare, a quelli di liceit\u00e0, correttezza, trasparenza, pertinenza, non eccedenza ed in modo da garantire un\u2019adeguata sicurezza dei dati personali.<\/p>\n\n\n\n<p><strong>PRIVACY POLICY (successivamente \u201cPolicy\u201d) ai sensi del Regolamento UE 2016\/679 sulla protezione dei dati personali (\u201cRGPD\u201d)<\/strong><\/p>\n\n\n\n<p>Il CNR, in qualit\u00e0 di titolare del trattamento informa che i dati personali a Lei relativi, presenti nel nostro database formeranno oggetto di trattamento nel rispetto della normativa applicabile e dei principi di correttezza, liceit\u00e0, trasparenza e di tutela della Sua riservatezza e dei Suoi diritti.<\/p>\n\n\n\n<h3 class=\"wp-block-heading\">Tipologia dei dati trattati<\/h3>\n\n\n\n<p>Saranno oggetto del trattamento i dati personali (fra i quali, a titolo esemplificativo e non esaustivo nome, cognome, ragione sociale, indirizzo, telefono, e-mail, foto digitali, dati contenuti nei curriculum vitae, riferimenti bancari e di pagamento \u2013 di seguito denominati anche \u201cdati personali\u201d o \u201cdati\u201d) da Lei comunicati e raccolti dall\u2019 ISAC.<br>Se necessario, verranno altres\u00ec trattati: titolo di studio, iscrizione ad albi, ordini od associazioni professionali incluso il numero di iscrizione, mansione, professione, attivit\u00e0 lavorativa svolta o ruolo all\u2019interno dell\u2019organizzazione da cui Lei dipende, qualifiche e\/o specializzazioni professionali.<br>La presente Informativa potr\u00e0 essere corredata, nel caso fosse necessario, da un apposito modulo per il rilascio del consenso cos\u00ec come previsto dall\u2019articolo 7 del Regolamento, articolato in base all\u2019ulteriore tipo di utilizzo dei Suoi Dati Personali.<br>Dati inviati e gestiti per finalit\u00e0 progettuali relativamente ai quali \u00e8 stato assentito l\u2019utilizzo per il perseguimento di specifici obiettivi progettuali.<\/p>\n\n\n\n<h3 class=\"wp-block-heading\">Base Giuridica e Finalit\u00e0 del Trattamento<\/h3>\n\n\n\n<p>La base giuridica del trattamento \u00e8 il consenso espresso dal soggetto interessato al trattamento dei propri dati personali per una o pi\u00f9 specifiche finalit\u00e0 (art. 6 comma 1, lett. a) del RGDP.<br>Le finalit\u00e0 e le modalit\u00e0 di trattamento dei Suoi dati personali sono indicate dall\u2019art. 6 del Regolamento, nonch\u00e9 nelle specifiche informative associate ai form di raccolta e acquisizione.<br>Tale trattamento \u00e8 finalizzato alla realizzazione degli obiettivi istituzionali di ISAC per la promozione dell\u2019attivit\u00e0 di ricerca e innovazione, quali a titolo esemplificativo: l\u2019invio di newsletter, la trasmissione di inviti a convegni ed eventi informativi, la promozione di corsi di formazione in aula e on-line (webinar). Il trattamento dei dati \u00e8 necessario altres\u00ec per la gestione delle richieste di informazione e assistenza relative ai compiti istituzionali di ISAC.<\/p>\n\n\n\n<h3 class=\"wp-block-heading\">Modalit\u00e0 di Trattamento<\/h3>\n\n\n\n<p>Il trattamento dei Suoi dati personali \u00e8 realizzato per mezzo delle operazioni indicate all\u2019art. 4 n. 2) RGDP e precisamente: raccolta, registrazione, organizzazione, conservazione, consultazione, elaborazione, modificazione, selezione, estrazione, raffronto, utilizzo, interconnessione, blocco, comunicazione, cancellazione e distruzione dei dati.<br>I dati personali saranno trattati esclusivamente da persone autorizzate al trattamento ed opportunamente istruite, oltre che tramite responsabili del trattamento legati al titolare da specifico contratto. I dati personali trattati non saranno oggetto di diffusione.<\/p>\n\n\n\n<h3 class=\"wp-block-heading\">Conservazione dei dati<\/h3>\n\n\n\n<p>I suoi dati personali saranno trattati con strumenti sia cartacei che elettronici e\/o automatizzati. Il Titolare tratter\u00e0 i dati personali in una forma che consenta l\u2019identificazione degli interessati per un arco di tempo non superiore al conseguimento delle finalit\u00e0 per le quali sono trattati; i dati personali potranno essere conservati per periodi pi\u00f9 lunghi a fini di archiviazione nel pubblico interesse, di ricerca scientifica o storica o a fini statistici, conformemente alla tutela dei diritti e delle libert\u00e0 dell\u2019interessato (\u00ablimitazione della conservazione\u00bb) e, comunque, per un periodo massimo di 10 (dieci) anni dalla loro raccolta.<\/p>\n\n\n\n<h3 class=\"wp-block-heading\">Accesso ai Dati<\/h3>\n\n\n\n<p>I Suoi dati potranno essere resi accessibili per le finalit\u00e0 di cui sopra:<\/p>\n\n\n\n<ul class=\"wp-block-list\">\n<li>a dipendenti e collaboratori del Titolare in Italia e all\u2019interno della comunit\u00e0 europea, nella loro qualit\u00e0 di soggetti autorizzati e\/o responsabili interni del trattamento e\/o amministratori di sistema;<\/li>\n\n\n\n<li>ad altri soggetti (a titolo indicativo, istituti di credito, studi professionali, consulenti, societ\u00e0 di assicurazione per la prestazione di servizi assicurativi, etc.) che svolgono attivit\u00e0 in outsourcing per conto del Titolare, nella loro qualit\u00e0 di responsabili del trattamento.<\/li>\n<\/ul>\n\n\n\n<h3 class=\"wp-block-heading\">Natura del conferimento dei Dati e Obbligatoriet\u00e0 del conferimento<\/h3>\n\n\n\n<p>Il conferimento dei dati per le finalit\u00e0 di cui all\u2019art. 2 lett. a, b, e c, \u00e8 obbligatorio.&nbsp;Tale trattamento \u00e8 finalizzato alla realizzazione degli obiettivi istituzionali del CNR-ISAC per la promozione dell\u2019attivit\u00e0 di ricerca.&nbsp;In loro assenza, non sar\u00e0 possibile dare esecuzione ai contratti eventualmente conclusi per l\u2019erogazione dei servizi resi dall\u2019ISAC. \u00c8 Sua facolt\u00e0, pertanto, decidere di non conferire alcun dato o di negare successivamente la possibilit\u00e0 di trattare dati gi\u00e0 forniti ed in tal caso, non potr\u00e0 ricevere comunicazioni&nbsp; e materiale informativo inerenti ai servizi offerti dal Titolare.<\/p>\n\n\n\n<h3 class=\"wp-block-heading\">Cookie e altri sistemi di tracciamento, cookie di terze parti<\/h3>\n\n\n\n<p>Questo Sito utilizza Cookie tecnici per salvare la sessione dell&#8217;Utente e per svolgere altre attivit\u00e0 strettamente necessarie al funzionamento dello stesso. Per la loro installazione non \u00e8 richiesto il preventivo consenso degli utenti. Non viene fatto uso di cookie per la profilazione degli utenti.<\/p>\n\n\n\n<h3 class=\"wp-block-heading\">Esercizio dei diritti da parte degli Utenti<\/h3>\n\n\n\n<p>Ai sensi degli artt. 15 e ss. del Regolamento i soggetti cui si riferiscono i Dati Personali hanno il diritto in qualunque momento di ottenere la conferma dell\u2019esistenza o meno degli stessi presso il Titolare del Trattamento, di conoscerne il contenuto e l\u2019origine, di verificarne l\u2019esattezza o chiederne l\u2019integrazione, la cancellazione, l\u2019aggiornamento, la rettifica, la trasformazione in forma anonima o il blocco dei Dati Personali trattati in violazione di legge, nonch\u00e9 di opporsi in ogni caso, per motivi legittimi, al loro trattamento. Le richieste vanno rivolte al Titolare del Trattamento&nbsp;<em><a href=\"mailto:rpd@cnr.it\">rpd@cnr.it<\/a><\/em>.<br>Per annullare la propria iscrizione al presente sito, e non ricevere pi\u00f9 materiale informativo e comunicazioni da parte di ISAC, inviare una mail al mittente&nbsp;<a href=\"mailto:webmaster@isac.cnr.it\">webmaster@isac.cnr.it<\/a>&nbsp;indicando nell\u2019oggetto la dizione \u201cANNULLA ISCRIZIONE\u201d.<br>Ove applicabili, ha altres\u00ec i diritti di cui agli artt. 16-21 RGDP (Diritto di rettifica, diritto all\u2019oblio, diritto di limitazione di trattamento, diritto alla portabilit\u00e0 dei dati, diritto di opposizione), nonch\u00e9 il diritto di reclamo all\u2019Autorit\u00e0 Garante in qualit\u00e0 di autorit\u00e0 di controllo.<\/p>\n\n\n\n<h3 class=\"wp-block-heading\">Modalit\u00e0 di esercizio dei diritti<\/h3>\n\n\n\n<p>Potr\u00e0 in qualsiasi momento esercitare i diritti sopra indicati inviando una comunicazione a mezzo PEC o via raccomandata:<\/p>\n\n\n\n<p><strong>PEC<\/strong>:&nbsp;<a href=\"mailto:protocollo.isac@pec.cnr.it\">protocollo.isac@pec.cnr.it<\/a><br>ISAC &#8211; Istituto di Scienze dell\u2019Atmosfera e del Clima &#8211; C.N.R.<br>Via Gobetti 101- 40129 BOLOGNA<br>Italy<\/p>\n\n\n\n<p>Il Titolare del trattamento \u00e8:<\/p>\n\n\n\n<p>&nbsp;Consiglio Nazionale delle Ricerche<br>Piazzale A. Moro 7<br>00185 ROMA<\/p>\n\n\n\n<p>Responsabile per la Protezione dei Dati (RPD):<\/p>\n\n\n\n<p>Consiglio Nazionale delle Ricerche<br>Piazzale A. Moro 7<br>00185 ROMA<br>mail di contatto:&nbsp;<a href=\"mailto:rpd@cnr.it\">rpd@cnr.it<\/a><br>PEC:&nbsp;<a href=\"mailto:rpd@pec.cnr.it\">rpd@pec.cnr.it<\/a><\/p>\n\n\n\n<p>Responsabile del Trattamento:<\/p>\n\n\n\n<p>Direttore del CNR-ISAC<br>Via Gobetti 101- 40129 BOLOGNA<br>Italy<br>mail di contatto:&nbsp;<a href=\"mailto:direzione@isac.cnr.it\">direzione@isac.cnr.it<\/a><\/p>\n\n\n\n<p><\/p>\n\n\n\n<p><strong><a href=\"https:\/\/www.cnr.it\/it\/privacy-cookie-policy\">Privacy policy e Cookie policy CNR<\/a><\/strong><\/p>\n","protected":false},"excerpt":{"rendered":"<p>Privacy Policy su trattamento e protezione dei dati personali ai sensi del Regolamento UE 2016\/679 Il Regolamento UE 2016\/679&nbsp;\u201cRegolamento Generale sulla Protezione dei Dati Personali\u201d&nbsp;(d\u2019ora in avanti \u201cRGDP\u201d), il D. lgs. n. 196\/2003&nbsp;\u201cCodice in materia di protezione dei dati personali\u201d&nbsp;e il relativo l\u2019Allegato A. 4 \u201cCodice di deontologia e di buona condotta per i trattamenti [&hellip;]<\/p>\n","protected":false},"author":5,"featured_media":0,"parent":0,"menu_order":0,"comment_status":"closed","ping_status":"closed","template":"","meta":{"_acf_changed":false,"inline_featured_image":false,"footnotes":""},"class_list":["post-6110","page","type-page","status-publish","hentry"],"acf":[],"yoast_head":"<!-- This site is optimized with the Yoast SEO plugin v26.4 - https:\/\/yoast.com\/wordpress\/plugins\/seo\/ -->\n<title>Privacy policy e Cookie Policy\u00a0 - ISAC<\/title>\n<meta name=\"robots\" content=\"index, follow, max-snippet:-1, max-image-preview:large, max-video-preview:-1\" \/>\n<link rel=\"canonical\" href=\"https:\/\/www.isac.cnr.it\/en\/privacy-policy-e-cookie-policy\/\" \/>\n<meta property=\"og:locale\" content=\"en_US\" \/>\n<meta property=\"og:type\" content=\"article\" \/>\n<meta property=\"og:title\" content=\"Privacy policy e Cookie Policy\u00a0 - ISAC\" \/>\n<meta property=\"og:description\" content=\"Privacy Policy su trattamento e protezione dei dati personali ai sensi del Regolamento UE 2016\/679 Il Regolamento UE 2016\/679&nbsp;\u201cRegolamento Generale sulla Protezione dei Dati Personali\u201d&nbsp;(d\u2019ora in avanti \u201cRGDP\u201d), il D. lgs. n. 196\/2003&nbsp;\u201cCodice in materia di protezione dei dati personali\u201d&nbsp;e il relativo l\u2019Allegato A. 4 \u201cCodice di deontologia e di buona condotta per i trattamenti [&hellip;]\" \/>\n<meta property=\"og:url\" content=\"https:\/\/www.isac.cnr.it\/en\/privacy-policy-e-cookie-policy\/\" \/>\n<meta property=\"og:site_name\" content=\"ISAC\" \/>\n<meta property=\"article:modified_time\" content=\"2025-12-09T11:37:51+00:00\" \/>\n<meta name=\"twitter:card\" content=\"summary_large_image\" \/>\n<meta name=\"twitter:label1\" content=\"Est. reading time\" \/>\n\t<meta name=\"twitter:data1\" content=\"7 minutes\" \/>\n<script type=\"application\/ld+json\" class=\"yoast-schema-graph\">{\"@context\":\"https:\/\/schema.org\",\"@graph\":[{\"@type\":\"WebPage\",\"@id\":\"https:\/\/www.isac.cnr.it\/en\/privacy-policy-e-cookie-policy\/\",\"url\":\"https:\/\/www.isac.cnr.it\/en\/privacy-policy-e-cookie-policy\/\",\"name\":\"Privacy policy e Cookie Policy\u00a0 - ISAC\",\"isPartOf\":{\"@id\":\"https:\/\/www.isac.cnr.it\/en\/#website\"},\"datePublished\":\"2025-11-27T10:51:42+00:00\",\"dateModified\":\"2025-12-09T11:37:51+00:00\",\"breadcrumb\":{\"@id\":\"https:\/\/www.isac.cnr.it\/en\/privacy-policy-e-cookie-policy\/#breadcrumb\"},\"inLanguage\":\"en-US\",\"potentialAction\":[{\"@type\":\"ReadAction\",\"target\":[\"https:\/\/www.isac.cnr.it\/en\/privacy-policy-e-cookie-policy\/\"]}]},{\"@type\":\"BreadcrumbList\",\"@id\":\"https:\/\/www.isac.cnr.it\/en\/privacy-policy-e-cookie-policy\/#breadcrumb\",\"itemListElement\":[{\"@type\":\"ListItem\",\"position\":1,\"name\":\"Home\",\"item\":\"https:\/\/www.isac.cnr.it\/en\/\"},{\"@type\":\"ListItem\",\"position\":2,\"name\":\"Privacy policy e Cookie Policy\u00a0\"}]},{\"@type\":\"WebSite\",\"@id\":\"https:\/\/www.isac.cnr.it\/en\/#website\",\"url\":\"https:\/\/www.isac.cnr.it\/en\/\",\"name\":\"ISAC\",\"description\":\"L&#039;Istituto di Scienze dell&#039;Atmosfera e del Clima\",\"publisher\":{\"@id\":\"https:\/\/www.isac.cnr.it\/en\/#organization\"},\"potentialAction\":[{\"@type\":\"SearchAction\",\"target\":{\"@type\":\"EntryPoint\",\"urlTemplate\":\"https:\/\/www.isac.cnr.it\/en\/?s={search_term_string}\"},\"query-input\":{\"@type\":\"PropertyValueSpecification\",\"valueRequired\":true,\"valueName\":\"search_term_string\"}}],\"inLanguage\":\"en-US\"},{\"@type\":\"Organization\",\"@id\":\"https:\/\/www.isac.cnr.it\/en\/#organization\",\"name\":\"ISAC\",\"url\":\"https:\/\/www.isac.cnr.it\/en\/\",\"logo\":{\"@type\":\"ImageObject\",\"inLanguage\":\"en-US\",\"@id\":\"https:\/\/www.isac.cnr.it\/en\/#\/schema\/logo\/image\/\",\"url\":\"https:\/\/www.isac.cnr.it\/wp-content\/uploads\/2025\/05\/isac-simbolo-colorato.svg\",\"contentUrl\":\"https:\/\/www.isac.cnr.it\/wp-content\/uploads\/2025\/05\/isac-simbolo-colorato.svg\",\"width\":100,\"height\":100,\"caption\":\"ISAC\"},\"image\":{\"@id\":\"https:\/\/www.isac.cnr.it\/en\/#\/schema\/logo\/image\/\"}}]}<\/script>\n<!-- \/ Yoast SEO plugin. -->","yoast_head_json":{"title":"Privacy policy e Cookie Policy\u00a0 - ISAC","robots":{"index":"index","follow":"follow","max-snippet":"max-snippet:-1","max-image-preview":"max-image-preview:large","max-video-preview":"max-video-preview:-1"},"canonical":"https:\/\/www.isac.cnr.it\/en\/privacy-policy-e-cookie-policy\/","og_locale":"en_US","og_type":"article","og_title":"Privacy policy e Cookie Policy\u00a0 - ISAC","og_description":"Privacy Policy su trattamento e protezione dei dati personali ai sensi del Regolamento UE 2016\/679 Il Regolamento UE 2016\/679&nbsp;\u201cRegolamento Generale sulla Protezione dei Dati Personali\u201d&nbsp;(d\u2019ora in avanti \u201cRGDP\u201d), il D. lgs. n. 196\/2003&nbsp;\u201cCodice in materia di protezione dei dati personali\u201d&nbsp;e il relativo l\u2019Allegato A. 4 \u201cCodice di deontologia e di buona condotta per i trattamenti [&hellip;]","og_url":"https:\/\/www.isac.cnr.it\/en\/privacy-policy-e-cookie-policy\/","og_site_name":"ISAC","article_modified_time":"2025-12-09T11:37:51+00:00","twitter_card":"summary_large_image","twitter_misc":{"Est. reading time":"7 minutes"},"schema":{"@context":"https:\/\/schema.org","@graph":[{"@type":"WebPage","@id":"https:\/\/www.isac.cnr.it\/en\/privacy-policy-e-cookie-policy\/","url":"https:\/\/www.isac.cnr.it\/en\/privacy-policy-e-cookie-policy\/","name":"Privacy policy e Cookie Policy\u00a0 - ISAC","isPartOf":{"@id":"https:\/\/www.isac.cnr.it\/en\/#website"},"datePublished":"2025-11-27T10:51:42+00:00","dateModified":"2025-12-09T11:37:51+00:00","breadcrumb":{"@id":"https:\/\/www.isac.cnr.it\/en\/privacy-policy-e-cookie-policy\/#breadcrumb"},"inLanguage":"en-US","potentialAction":[{"@type":"ReadAction","target":["https:\/\/www.isac.cnr.it\/en\/privacy-policy-e-cookie-policy\/"]}]},{"@type":"BreadcrumbList","@id":"https:\/\/www.isac.cnr.it\/en\/privacy-policy-e-cookie-policy\/#breadcrumb","itemListElement":[{"@type":"ListItem","position":1,"name":"Home","item":"https:\/\/www.isac.cnr.it\/en\/"},{"@type":"ListItem","position":2,"name":"Privacy policy e Cookie Policy\u00a0"}]},{"@type":"WebSite","@id":"https:\/\/www.isac.cnr.it\/en\/#website","url":"https:\/\/www.isac.cnr.it\/en\/","name":"ISAC","description":"L&#039;Istituto di Scienze dell&#039;Atmosfera e del Clima","publisher":{"@id":"https:\/\/www.isac.cnr.it\/en\/#organization"},"potentialAction":[{"@type":"SearchAction","target":{"@type":"EntryPoint","urlTemplate":"https:\/\/www.isac.cnr.it\/en\/?s={search_term_string}"},"query-input":{"@type":"PropertyValueSpecification","valueRequired":true,"valueName":"search_term_string"}}],"inLanguage":"en-US"},{"@type":"Organization","@id":"https:\/\/www.isac.cnr.it\/en\/#organization","name":"ISAC","url":"https:\/\/www.isac.cnr.it\/en\/","logo":{"@type":"ImageObject","inLanguage":"en-US","@id":"https:\/\/www.isac.cnr.it\/en\/#\/schema\/logo\/image\/","url":"https:\/\/www.isac.cnr.it\/wp-content\/uploads\/2025\/05\/isac-simbolo-colorato.svg","contentUrl":"https:\/\/www.isac.cnr.it\/wp-content\/uploads\/2025\/05\/isac-simbolo-colorato.svg","width":100,"height":100,"caption":"ISAC"},"image":{"@id":"https:\/\/www.isac.cnr.it\/en\/#\/schema\/logo\/image\/"}}]}},"_links":{"self":[{"href":"https:\/\/www.isac.cnr.it\/en\/wp-json\/wp\/v2\/pages\/6110","targetHints":{"allow":["GET"]}}],"collection":[{"href":"https:\/\/www.isac.cnr.it\/en\/wp-json\/wp\/v2\/pages"}],"about":[{"href":"https:\/\/www.isac.cnr.it\/en\/wp-json\/wp\/v2\/types\/page"}],"author":[{"embeddable":true,"href":"https:\/\/www.isac.cnr.it\/en\/wp-json\/wp\/v2\/users\/5"}],"replies":[{"embeddable":true,"href":"https:\/\/www.isac.cnr.it\/en\/wp-json\/wp\/v2\/comments?post=6110"}],"version-history":[{"count":2,"href":"https:\/\/www.isac.cnr.it\/en\/wp-json\/wp\/v2\/pages\/6110\/revisions"}],"predecessor-version":[{"id":6209,"href":"https:\/\/www.isac.cnr.it\/en\/wp-json\/wp\/v2\/pages\/6110\/revisions\/6209"}],"wp:attachment":[{"href":"https:\/\/www.isac.cnr.it\/en\/wp-json\/wp\/v2\/media?parent=6110"}],"curies":[{"name":"wp","href":"https:\/\/api.w.org\/{rel}","templated":true}]}}